{"id":2,"date":"2021-01-23T17:51:59","date_gmt":"2021-01-23T17:51:59","guid":{"rendered":"https:\/\/www.futurestars.ase.ro\/?page_id=2"},"modified":"2021-01-24T20:07:49","modified_gmt":"2021-01-24T17:07:49","slug":"sample-page","status":"publish","type":"page","link":"https:\/\/www.futurestars.ase.ro\/?page_id=2","title":{"rendered":"Despre proiect"},"content":{"rendered":"\n<p>Obiectivul general al proiectului \u00eel constituie facilitarea tranzi\u021biei de la educa\u021bie la pia\u021ba for\u021bei de munc\u0103 pentru 321 de studen\u021bi de la patru facult\u0103\u021bi din cadrul ASE Bucure\u0219ti: Facultatea de Marketing, Facultatea de Administra\u021bie \u0219i Management Public, Facultatea de Economie Teoretic\u0103 \u0219i Aplicat\u0103 \u0219i Facultatea de Economie Agroalimentara \u0219i a Mediului prin consolidarea parteneriatelor institu\u021bionale sustenabile \u00eentre universitate \u0219i angajatori din mediul privat.<\/p>\n\n\n\n<p><strong>Obiectivele specifice ale proiectului<\/strong><\/p>\n\n\n\n<ol class=\"wp-block-list\" type=\"1\"><li>Dezvoltarea unei platforme integrate de management a conven\u021biilor de practic\u0103 \u0219i de comunicare privind parteneriatele cu companiile<\/li><li>\u00cembun\u0103t\u0103\u021birea particip\u0103rii la stagii de practic\u0103 relevante pentru studiile universitare urmate, cu accent pe sectoarele economice cu poten\u021bial competitiv identificate conform SNC \u0219i domeniile de specializare inteligent\u0103 conform SNCDI pentru 321 de studen\u021bi<\/li><\/ol>\n\n\n\n<ul class=\"wp-block-list\"><li>Consolidarea parteneriatului dintre universitate \u0219i angajatorii din mediul privat \u00een vederea organiz\u0103rii stagiilor de practic\u0103 prin asigurarea a cel pu\u021bin 80 de acorduri de parteneriat pentru practic\u0103 \u0219i \u00eenv\u0103\u021bare<\/li><\/ul>\n\n\n\n<ul class=\"wp-block-list\"><li>Sus\u021binerea integr\u0103rii facile pe pia\u021ba muncii a studen\u021bilor prin oferirea de servicii de consiliere, orientare, plasare \u00een stagiu de practic\u0103 printr-o monitorizare \u0219i comunicare activ\u0103<\/li><\/ul>\n\n\n\n<ul class=\"wp-block-list\"><li>Monitorizarea parcursului de \u00eenv\u0103\u021bare \u0219i a celui profesional, dezvoltarea unor programe de \u00eenv\u0103\u021bare axate pe dob\u00e2ndirea de competente transversale pentru studen\u021bii proveni\u021bi din medii vulnerabile<\/li><\/ul>\n\n\n\n<ul class=\"wp-block-list\"><li>Actualizarea cadrului institu\u021bional de desf\u0103\u0219urare a stagiilor de practica \u00een conformitate cu planul de \u00eenv\u0103\u021b\u0103m\u00e2nt \u0219i cu reglement\u0103rile \u00een vigoare, inclusiv cele legate de GDPR<\/li><\/ul>\n","protected":false},"excerpt":{"rendered":"<p>Obiectivul general al proiectului \u00eel constituie facilitarea tranzi\u021biei de la educa\u021bie la pia\u021ba for\u021bei de munc\u0103 pentru 321 de studen\u021bi de la patru facult\u0103\u021bi din cadrul ASE Bucure\u0219ti: Facultatea de Marketing, Facultatea de Administra\u021bie \u0219i &hellip;<\/p>\n","protected":false},"author":1,"featured_media":0,"parent":0,"menu_order":0,"comment_status":"closed","ping_status":"open","template":"","meta":{"footnotes":""},"class_list":["post-2","page","type-page","status-publish","hentry"],"_links":{"self":[{"href":"https:\/\/www.futurestars.ase.ro\/index.php?rest_route=\/wp\/v2\/pages\/2","targetHints":{"allow":["GET"]}}],"collection":[{"href":"https:\/\/www.futurestars.ase.ro\/index.php?rest_route=\/wp\/v2\/pages"}],"about":[{"href":"https:\/\/www.futurestars.ase.ro\/index.php?rest_route=\/wp\/v2\/types\/page"}],"author":[{"embeddable":true,"href":"https:\/\/www.futurestars.ase.ro\/index.php?rest_route=\/wp\/v2\/users\/1"}],"replies":[{"embeddable":true,"href":"https:\/\/www.futurestars.ase.ro\/index.php?rest_route=%2Fwp%2Fv2%2Fcomments&post=2"}],"version-history":[{"count":3,"href":"https:\/\/www.futurestars.ase.ro\/index.php?rest_route=\/wp\/v2\/pages\/2\/revisions"}],"predecessor-version":[{"id":47,"href":"https:\/\/www.futurestars.ase.ro\/index.php?rest_route=\/wp\/v2\/pages\/2\/revisions\/47"}],"wp:attachment":[{"href":"https:\/\/www.futurestars.ase.ro\/index.php?rest_route=%2Fwp%2Fv2%2Fmedia&parent=2"}],"curies":[{"name":"wp","href":"https:\/\/api.w.org\/{rel}","templated":true}]}}